{"id":4049,"date":"2019-01-28T04:54:42","date_gmt":"2019-01-28T04:54:42","guid":{"rendered":"http:\/\/www.alem-colombia.org\/home\/?page_id=4049"},"modified":"2022-06-07T17:07:25","modified_gmt":"2022-06-07T22:07:25","slug":"nuestra-mision-y-vision","status":"publish","type":"page","link":"https:\/\/www.alem-colombia.org\/home\/nuestra-mision-y-vision\/","title":{"rendered":"Nuestra Misi\u00f3n y Visi\u00f3n"},"content":{"rendered":"<div class=\"wpb-content-wrapper\"><p>[vc_row][vc_column width=&#8221;1\/2&#8243;][vc_column_text]<\/p>\n<h2>Misi\u00f3n<\/h2>\n<p>Somos una asociaci\u00f3n sin \u00e1nimo de lucro, legalmente constituida. Que busca que las personas con esclerosis m\u00faltiple tengan bienestar, tanto como sus familiares; por medio de educaci\u00f3n y la representatividad, el acompa\u00f1amiento y compromiso de un gran grupo de apoyo constituido por: voluntarios, familiares y pacientes del EM.[\/vc_column_text][\/vc_column][vc_column width=&#8221;1\/2&#8243;][vc_column_text]<\/p>\n<h2>Visi\u00f3n<\/h2>\n<p style=\"text-align: justify;\">ALEM ser\u00e1 en el 2027 la organizaci\u00f3n de Esclerosis M\u00faltiple referente en el acompa\u00f1amiento a las personas con esta condici\u00f3n promoviendo su autonom\u00eda y mejores condiciones de vida, facilitando una adecuada inserci\u00f3n en la sociedad.<\/p>\n<p>[\/vc_column_text][\/vc_column][\/vc_row]<\/p>\n<\/div>","protected":false},"excerpt":{"rendered":"<p>[vc_row][vc_column width=&#8221;1\/2&#8243;][vc_column_text] Misi\u00f3n Somos una asociaci\u00f3n sin \u00e1nimo de lucro, legalmente constituida. Que busca que las personas con esclerosis m\u00faltiple tengan bienestar, tanto como sus familiares; por medio de educaci\u00f3n y la representatividad, el acompa\u00f1amiento y compromiso de un gran grupo de apoyo constituido por: voluntarios, familiares y pacientes del EM.[\/vc_column_text][\/vc_column][vc_column width=&#8221;1\/2&#8243;][vc_column_text] Visi\u00f3n ALEM ser\u00e1 [&hellip;]<\/p>\n","protected":false},"author":1,"featured_media":0,"parent":0,"menu_order":0,"comment_status":"closed","ping_status":"closed","template":"","meta":{"_monsterinsights_skip_tracking":false,"_monsterinsights_sitenote_active":false,"_monsterinsights_sitenote_note":"","_monsterinsights_sitenote_category":0,"footnotes":""},"class_list":["post-4049","page","type-page","status-publish","hentry"],"aioseo_notices":[],"_links":{"self":[{"href":"https:\/\/www.alem-colombia.org\/home\/wp-json\/wp\/v2\/pages\/4049","targetHints":{"allow":["GET"]}}],"collection":[{"href":"https:\/\/www.alem-colombia.org\/home\/wp-json\/wp\/v2\/pages"}],"about":[{"href":"https:\/\/www.alem-colombia.org\/home\/wp-json\/wp\/v2\/types\/page"}],"author":[{"embeddable":true,"href":"https:\/\/www.alem-colombia.org\/home\/wp-json\/wp\/v2\/users\/1"}],"replies":[{"embeddable":true,"href":"https:\/\/www.alem-colombia.org\/home\/wp-json\/wp\/v2\/comments?post=4049"}],"version-history":[{"count":0,"href":"https:\/\/www.alem-colombia.org\/home\/wp-json\/wp\/v2\/pages\/4049\/revisions"}],"wp:attachment":[{"href":"https:\/\/www.alem-colombia.org\/home\/wp-json\/wp\/v2\/media?parent=4049"}],"curies":[{"name":"wp","href":"https:\/\/api.w.org\/{rel}","templated":true}]}}